{"id":6,"date":"2019-11-22T16:20:03","date_gmt":"2019-11-22T16:20:03","guid":{"rendered":"http:\/\/sonja-reischl.com\/?page_id=6"},"modified":"2024-07-10T14:13:30","modified_gmt":"2024-07-10T12:13:30","slug":"about","status":"publish","type":"page","link":"https:\/\/sonja-reischl.com\/?page_id=6","title":{"rendered":"Bio"},"content":{"rendered":"<div class=\"fusion-fullwidth fullwidth-box fusion-builder-row-1 fusion-flex-container hundred-percent-fullwidth hundred-percent-height hundred-percent-height-center-content non-hundred-percent-height-scrolling\" style=\"--awb-border-radius-top-left:0px;--awb-border-radius-top-right:0px;--awb-border-radius-bottom-right:0px;--awb-border-radius-bottom-left:0px;--awb-padding-top:0px;--awb-padding-right:0px;--awb-padding-bottom:0px;--awb-padding-left:0px;--awb-background-color:#000000;--awb-flex-wrap:wrap;\" ><div class=\"fusion-builder-row fusion-row fusion-flex-align-items-stretch fusion-flex-align-content-center fusion-flex-content-wrap\" style=\"width:104% !important;max-width:104% !important;margin-left: calc(-4% \/ 2 );margin-right: calc(-4% \/ 2 );\"><div class=\"fusion-layout-column fusion_builder_column fusion-builder-column-0 fusion_builder_column_1_2 1_2 fusion-flex-column fusion-animated\" style=\"--awb-padding-top:58px;--awb-padding-left:51px;--awb-overflow:hidden;--awb-bg-image:linear-gradient(180deg, rgba(0,0,0,0) 0%,rgba(0,0,0,0.3) 100%),url(http:\/\/sonja-reischl.com\/wp-content\/uploads\/2023\/04\/Sonja-12-von-19-scaled.jpg);;--awb-bg-position:center center;--awb-bg-size:cover;--awb-border-radius:0px 4px 40px 0px;--awb-width-large:50%;--awb-margin-top-large:83px;--awb-spacing-right-large:17.5px;--awb-margin-bottom-large:;--awb-spacing-left-large:11.328%;--awb-width-medium:100%;--awb-spacing-right-medium:1.92%;--awb-spacing-left-medium:1.92%;--awb-width-small:100%;--awb-spacing-right-small:1.92%;--awb-spacing-left-small:1.92%;\" data-animationType=\"fadeInLeft\" data-animationDuration=\"1.0\" data-animationOffset=\"top-into-view\"><div class=\"fusion-column-wrapper fusion-column-has-shadow fusion-flex-justify-content-center fusion-content-layout-column fusion-empty-column-bg-image fusion-column-has-bg-image\" data-bg-url=\"http:\/\/sonja-reischl.com\/wp-content\/uploads\/2023\/04\/Sonja-12-von-19-scaled.jpg\"><img decoding=\"async\" class=\"fusion-empty-dims-img-placeholder fusion-no-large-visibility\" src=\"data:image\/gif;base64,R0lGODlhAQABAAAAACH5BAEKAAEALAAAAAABAAEAAAICTAEAOw==\"><\/div><\/div><div class=\"fusion-layout-column fusion_builder_column fusion-builder-column-1 fusion_builder_column_1_2 1_2 fusion-flex-column fusion-animated\" style=\"--awb-padding-top:13%;--awb-padding-right:10%;--awb-padding-bottom:18%;--awb-padding-left:10%;--awb-padding-bottom-medium:110px;--awb-bg-size:cover;--awb-width-large:50%;--awb-margin-top-large:0px;--awb-spacing-right-large:3.84%;--awb-margin-bottom-large:0px;--awb-spacing-left-large:17.5px;--awb-width-medium:100%;--awb-spacing-right-medium:1.92%;--awb-spacing-left-medium:1.92%;--awb-width-small:100%;--awb-spacing-right-small:1.92%;--awb-spacing-left-small:1.92%;\" data-animationType=\"fadeInRight\" data-animationDuration=\"0.8\" data-animationOffset=\"top-into-view\"><div class=\"fusion-column-wrapper fusion-column-has-shadow fusion-flex-justify-content-flex-start fusion-content-layout-column\"><div class=\"fusion-text fusion-text-1\"><p style=\"color: #ffffff;\">Sonja Reischl ist urbane T\u00e4nzerin und Choreographin, ans\u00e4ssig in D\u00fcsseldorf, NRW.<\/p>\n<p style=\"color: #ffffff;\"><span style=\"color: rgb(255, 255, 255);\">Ihre Tanzausbildung erhielt sie unter anderem an der On Stage Tanzschule und Hip Hop Academy in Hamburg und dem Tanzhaus NRW in D\u00fcsseldorf. Au\u00dferdem reist sie seit 2011 f\u00fcr Workshops und Tanzcamps u.a. nach <\/span><span style=\"color: #ffffff;\">New York, Paris, L<\/span><span style=\"color: rgb(255, 255, 255);\">ondon, Schweden usw., um sich in Choreografie und Improvisation &#8222;Freestyle&#8220; fortzubilden.<\/span><\/p>\n<p style=\"color: #ffffff;\"><span style=\"font-family: var(--body_typography-font-family); font-size: var(--body_typography-font-size); font-style: var(--body_typography-font-style,normal); letter-spacing: var(--body_typography-letter-spacing);\"><span style=\"color: rgb(255, 255, 255);\">Sie leitete Tanzkurse an diversen Tanzschulen in NRW (Urban Art Complex Wuppertal, JC Academy D\u00fcsseldorf, Bamsch<\/span><span style=\"color: #ffffff;\">ool K\u00f6ln, Step up Solingen etc.) und kooperierte im Rahmen von Kinder-und Jugendarbeit mit zahlreichen Jugendfreizeiteinrichtungen, dem Tanzhaus NRW Take Off und Grundschulen in NRW. <\/span><\/span><span style=\"color: #ffffff; font-family: var(--body_typography-font-family); font-size: var(--body_typography-font-size); font-style: var(--body_typography-font-style,normal); letter-spacing: var(--body_typography-letter-spacing);\">Au\u00dferdem ist sie Gr\u00fcnderin und Leiterin der Jugend-Tanz-Company &#8222;Symbionyx&#8220;, die seit  2016 besteht und an Wettbewerben, Shows und Battles in NRW teilnimmt.<\/span><\/p>\n<p style=\"color: #ffffff;\">\n<\/div><div ><a class=\"fusion-button button-flat fusion-button-default-size button-darkgray fusion-button-darkgray button-1 fusion-button-default-span fusion-button-default-type\" target=\"_self\" href=\"https:\/\/sonja-reischl.com\/?page_id=10&amp;fb-edit=1\"><span class=\"fusion-button-text awb-button__text awb-button__text--default\">zu meinen Tanzkursen<\/span><\/a><\/div><div class=\"fusion-text fusion-text-2\"><p style=\"color: var(--awb-color1);\">\n<p style=\"color: var(--awb-color1);\">2017 tanzte sie im urbanen Tanztheaterst\u00fcck &#8222;Z.E.I.T.L.O.S.&#8220; in der Company Zorzal, geleitet von Franky Dee und Misael Lopez und sie tanzte im Musikvideo von Lander Moore &#8222;Can\u00b4t take this feeling&#8220;. 2022 performte sie im St\u00fcck &#8222;Apaches&#8220;, geleitet von dem franz\u00f6sischen Choreografen Sa\u00efdo Lehlouh und seiner Company Cie Black Sheep. Sie ist Teil des Frauenkollektivs &#8222;AMIRICH&#8220;, das unter der Leitung von Tanja Emmerich 2019 gegr\u00fcndet wurde und ist 2021 Stipendiatin der &#8222;Sprungbrett Residenz&#8220; (tanz NRW und NRW Kultursekretariat) mit dem Tanzkollektiv &#8222;FeminineX&#8220;. 2024 performte Sonja ihr erstes Solo St\u00fcck &#8222;LIBERATIO&#8220; auf dem SoloDuo NRW Festival in K\u00f6ln, der von Barnes Crossing international organisierte Choreographie Wettbewerb. Ihre Choreographie wurde als eine der 10  besten Darbietungen auserw\u00e4hlt.<\/p>\n<p style=\"color: var(--awb-color1);\">\n<\/div><div ><a class=\"fusion-button button-flat fusion-button-default-size button-default fusion-button-default button-2 fusion-button-default-span fusion-button-default-type\" target=\"_self\" href=\"https:\/\/sonja-reischl.com\/?page_id=8&amp;fb-edit=1\"><span class=\"fusion-button-text awb-button__text awb-button__text--default\">Performances<\/span><\/a><\/div><div class=\"fusion-text fusion-text-3\"><p style=\"color: var(--awb-color1);\">\n<p style=\"color: var(--awb-color1);\">2023 und 2024  war sie Teil der Jury der Duisburger Tanztage, dem gr\u00f6\u00dften deutschen Amateur Tanzevent Deutschlands.<\/p>\n<p style=\"color: var(--awb-color1); font-size: 14px;\" data-fusion-font=\"true\">Foto: Mareike Meier<\/p>\n<\/div><div class=\"fusion-separator fusion-full-width-sep\" style=\"align-self: center;margin-left: auto;margin-right: auto;margin-bottom:15px;width:100%;\"><\/div><\/div><\/div><\/div><\/div>\n","protected":false},"excerpt":{"rendered":"","protected":false},"author":2,"featured_media":725,"parent":0,"menu_order":0,"comment_status":"closed","ping_status":"closed","template":"100-width.php","meta":{"footnotes":""},"class_list":["post-6","page","type-page","status-publish","has-post-thumbnail","hentry"],"_links":{"self":[{"href":"https:\/\/sonja-reischl.com\/index.php?rest_route=\/wp\/v2\/pages\/6","targetHints":{"allow":["GET"]}}],"collection":[{"href":"https:\/\/sonja-reischl.com\/index.php?rest_route=\/wp\/v2\/pages"}],"about":[{"href":"https:\/\/sonja-reischl.com\/index.php?rest_route=\/wp\/v2\/types\/page"}],"author":[{"embeddable":true,"href":"https:\/\/sonja-reischl.com\/index.php?rest_route=\/wp\/v2\/users\/2"}],"replies":[{"embeddable":true,"href":"https:\/\/sonja-reischl.com\/index.php?rest_route=%2Fwp%2Fv2%2Fcomments&post=6"}],"version-history":[{"count":52,"href":"https:\/\/sonja-reischl.com\/index.php?rest_route=\/wp\/v2\/pages\/6\/revisions"}],"predecessor-version":[{"id":3382,"href":"https:\/\/sonja-reischl.com\/index.php?rest_route=\/wp\/v2\/pages\/6\/revisions\/3382"}],"wp:featuredmedia":[{"embeddable":true,"href":"https:\/\/sonja-reischl.com\/index.php?rest_route=\/wp\/v2\/media\/725"}],"wp:attachment":[{"href":"https:\/\/sonja-reischl.com\/index.php?rest_route=%2Fwp%2Fv2%2Fmedia&parent=6"}],"curies":[{"name":"wp","href":"https:\/\/api.w.org\/{rel}","templated":true}]}}