{"id":3277,"date":"2023-04-01T11:42:55","date_gmt":"2023-04-01T09:42:55","guid":{"rendered":"https:\/\/sonja-reischl.com\/?page_id=3277"},"modified":"2025-07-11T08:00:57","modified_gmt":"2025-07-11T06:00:57","slug":"jobs","status":"publish","type":"page","link":"https:\/\/sonja-reischl.com\/?page_id=3277","title":{"rendered":"Jobs"},"content":{"rendered":"<p><div class=\"fusion-fullwidth fullwidth-box fusion-builder-row-1 fusion-flex-container nonhundred-percent-fullwidth non-hundred-percent-height-scrolling\" style=\"--awb-border-radius-top-left:0px;--awb-border-radius-top-right:0px;--awb-border-radius-bottom-right:0px;--awb-border-radius-bottom-left:0px;--awb-flex-wrap:wrap;\" ><div class=\"fusion-builder-row fusion-row fusion-flex-align-items-flex-start fusion-flex-content-wrap\" style=\"max-width:1378px;margin-left: calc(-4% \/ 2 );margin-right: calc(-4% \/ 2 );\"><div class=\"fusion-layout-column fusion_builder_column fusion-builder-column-0 fusion_builder_column_1_1 1_1 fusion-flex-column\" style=\"--awb-bg-size:cover;--awb-width-large:100%;--awb-margin-top-large:0px;--awb-spacing-right-large:1.92%;--awb-margin-bottom-large:20px;--awb-spacing-left-large:1.92%;--awb-width-medium:100%;--awb-order-medium:0;--awb-spacing-right-medium:1.92%;--awb-spacing-left-medium:1.92%;--awb-width-small:100%;--awb-order-small:0;--awb-spacing-right-small:1.92%;--awb-spacing-left-small:1.92%;\"><div class=\"fusion-column-wrapper fusion-column-has-shadow fusion-flex-justify-content-flex-start fusion-content-layout-column\"><div class=\"fusion-text fusion-text-1\"><p><b><u><span style=\"font-size: 25px; color: rgb(2, 2, 2);\" data-fusion-font=\"true\">Moderation Tanzhaus NRW Showings 2025<\/span><\/u><\/b><\/p>\n<\/div><\/div><\/div><\/div><\/div><div class=\"fusion-fullwidth fullwidth-box fusion-builder-row-2 fusion-flex-container has-pattern-background has-mask-background nonhundred-percent-fullwidth non-hundred-percent-height-scrolling\" style=\"--awb-border-radius-top-left:0px;--awb-border-radius-top-right:0px;--awb-border-radius-bottom-right:0px;--awb-border-radius-bottom-left:0px;--awb-flex-wrap:wrap;\" ><div class=\"fusion-builder-row fusion-row fusion-flex-align-items-flex-start fusion-flex-content-wrap\" style=\"max-width:1378px;margin-left: calc(-4% \/ 2 );margin-right: calc(-4% \/ 2 );\"><div class=\"fusion-layout-column fusion_builder_column fusion-builder-column-1 fusion_builder_column_1_2 1_2 fusion-flex-column\" style=\"--awb-bg-size:cover;--awb-width-large:50%;--awb-margin-top-large:0px;--awb-spacing-right-large:3.84%;--awb-margin-bottom-large:20px;--awb-spacing-left-large:3.84%;--awb-width-medium:100%;--awb-order-medium:0;--awb-spacing-right-medium:1.92%;--awb-spacing-left-medium:1.92%;--awb-width-small:100%;--awb-order-small:0;--awb-spacing-right-small:1.92%;--awb-spacing-left-small:1.92%;\"><div class=\"fusion-column-wrapper fusion-column-has-shadow fusion-flex-justify-content-flex-start fusion-content-layout-column\"><div class=\"fusion-image-element \" style=\"--awb-caption-title-font-family:var(--h2_typography-font-family);--awb-caption-title-font-weight:var(--h2_typography-font-weight);--awb-caption-title-font-style:var(--h2_typography-font-style);--awb-caption-title-size:var(--h2_typography-font-size);--awb-caption-title-transform:var(--h2_typography-text-transform);--awb-caption-title-line-height:var(--h2_typography-line-height);--awb-caption-title-letter-spacing:var(--h2_typography-letter-spacing);\"><span class=\" fusion-imageframe imageframe-none imageframe-1 hover-type-none\"><img decoding=\"async\" width=\"2560\" height=\"2560\" title=\"548554F1-5036-4A31-BCF2-E793839D83B3\" src=\"http:\/\/sonja-reischl.com\/wp-content\/uploads\/2025\/07\/548554F1-5036-4A31-BCF2-E793839D83B3-scaled.jpg\" alt class=\"img-responsive wp-image-3461\" srcset=\"https:\/\/sonja-reischl.com\/wp-content\/uploads\/2025\/07\/548554F1-5036-4A31-BCF2-E793839D83B3-200x200.jpg 200w, https:\/\/sonja-reischl.com\/wp-content\/uploads\/2025\/07\/548554F1-5036-4A31-BCF2-E793839D83B3-400x400.jpg 400w, https:\/\/sonja-reischl.com\/wp-content\/uploads\/2025\/07\/548554F1-5036-4A31-BCF2-E793839D83B3-600x600.jpg 600w, https:\/\/sonja-reischl.com\/wp-content\/uploads\/2025\/07\/548554F1-5036-4A31-BCF2-E793839D83B3-800x800.jpg 800w, https:\/\/sonja-reischl.com\/wp-content\/uploads\/2025\/07\/548554F1-5036-4A31-BCF2-E793839D83B3-1200x1200.jpg 1200w, https:\/\/sonja-reischl.com\/wp-content\/uploads\/2025\/07\/548554F1-5036-4A31-BCF2-E793839D83B3-scaled.jpg 2560w\" sizes=\"(max-width: 1024px) 100vw, (max-width: 800px) 100vw, 800px\" \/><\/span><\/div><\/div><\/div><div class=\"fusion-layout-column fusion_builder_column fusion-builder-column-2 fusion_builder_column_1_2 1_2 fusion-flex-column\" style=\"--awb-bg-size:cover;--awb-width-large:50%;--awb-margin-top-large:0px;--awb-spacing-right-large:3.84%;--awb-margin-bottom-large:20px;--awb-spacing-left-large:3.84%;--awb-width-medium:100%;--awb-order-medium:0;--awb-spacing-right-medium:1.92%;--awb-spacing-left-medium:1.92%;--awb-width-small:100%;--awb-order-small:0;--awb-spacing-right-small:1.92%;--awb-spacing-left-small:1.92%;\"><div class=\"fusion-column-wrapper fusion-column-has-shadow fusion-flex-justify-content-flex-start fusion-content-layout-column\"><div class=\"fusion-text fusion-text-2\"><p>Nach einem Semester intensiver Arbeit in den Kursen sagen wir: The stage is yours! Die Teilnehmer*innen der tanzhaus Akademie bekommen in den Akademie Showings die M\u00f6glichkeit, ihr K\u00f6nnen auf der Gro\u00dfen B\u00fchne einem Publikum zu pr\u00e4sentieren.<\/p>\n<p>Die Akademie Showings bilden den Abschluss und H\u00f6hepunkt des Akademie-Jahres, bevor im September das neue Programm startet. <\/p>\n<\/div><\/div><\/div><\/div><\/div><div class=\"fusion-fullwidth fullwidth-box fusion-builder-row-3 fusion-flex-container has-pattern-background has-mask-background nonhundred-percent-fullwidth non-hundred-percent-height-scrolling\" style=\"--awb-border-radius-top-left:0px;--awb-border-radius-top-right:0px;--awb-border-radius-bottom-right:0px;--awb-border-radius-bottom-left:0px;--awb-flex-wrap:wrap;\" ><div class=\"fusion-builder-row fusion-row fusion-flex-align-items-flex-start fusion-flex-content-wrap\" style=\"max-width:1378px;margin-left: calc(-4% \/ 2 );margin-right: calc(-4% \/ 2 );\"><div class=\"fusion-layout-column fusion_builder_column fusion-builder-column-3 fusion_builder_column_1_1 1_1 fusion-flex-column\" style=\"--awb-bg-size:cover;--awb-width-large:100%;--awb-margin-top-large:0px;--awb-spacing-right-large:1.92%;--awb-margin-bottom-large:20px;--awb-spacing-left-large:1.92%;--awb-width-medium:100%;--awb-order-medium:0;--awb-spacing-right-medium:1.92%;--awb-spacing-left-medium:1.92%;--awb-width-small:100%;--awb-order-small:0;--awb-spacing-right-small:1.92%;--awb-spacing-left-small:1.92%;\"><div class=\"fusion-column-wrapper fusion-column-has-shadow fusion-flex-justify-content-flex-start fusion-content-layout-column\"><div class=\"fusion-text fusion-text-3\"><p><b style=\"color: var(--awb-color8);\"><u><span style=\"font-size: 26px;\" data-fusion-font=\"true\">Jury Duisburger Tanztage 2023 und 2024<\/span><\/u><\/b><\/p>\n<\/div><\/div><\/div><\/div><\/div><div class=\"fusion-fullwidth fullwidth-box fusion-builder-row-4 fusion-flex-container nonhundred-percent-fullwidth non-hundred-percent-height-scrolling\" style=\"--awb-border-radius-top-left:0px;--awb-border-radius-top-right:0px;--awb-border-radius-bottom-right:0px;--awb-border-radius-bottom-left:0px;--awb-flex-wrap:wrap;\" ><div class=\"fusion-builder-row fusion-row fusion-flex-align-items-flex-start fusion-flex-content-wrap\" style=\"max-width:1378px;margin-left: calc(-4% \/ 2 );margin-right: calc(-4% \/ 2 );\"><div class=\"fusion-layout-column fusion_builder_column fusion-builder-column-4 fusion_builder_column_1_2 1_2 fusion-flex-column\" style=\"--awb-bg-size:cover;--awb-width-large:50%;--awb-margin-top-large:0px;--awb-spacing-right-large:3.84%;--awb-margin-bottom-large:20px;--awb-spacing-left-large:3.84%;--awb-width-medium:100%;--awb-order-medium:0;--awb-spacing-right-medium:1.92%;--awb-spacing-left-medium:1.92%;--awb-width-small:100%;--awb-order-small:0;--awb-spacing-right-small:1.92%;--awb-spacing-left-small:1.92%;\"><div class=\"fusion-column-wrapper fusion-column-has-shadow fusion-flex-justify-content-flex-start fusion-content-layout-column\"><div class=\"fusion-image-element \" style=\"--awb-aspect-ratio:1 \/ 1;--awb-caption-title-font-family:var(--h2_typography-font-family);--awb-caption-title-font-weight:var(--h2_typography-font-weight);--awb-caption-title-font-style:var(--h2_typography-font-style);--awb-caption-title-size:var(--h2_typography-font-size);--awb-caption-title-transform:var(--h2_typography-text-transform);--awb-caption-title-line-height:var(--h2_typography-line-height);--awb-caption-title-letter-spacing:var(--h2_typography-letter-spacing);\"><span class=\" fusion-imageframe imageframe-none imageframe-2 hover-type-none has-aspect-ratio\"><img decoding=\"async\" width=\"750\" height=\"1000\" title=\"IMG_7415\" src=\"http:\/\/sonja-reischl.com\/wp-content\/uploads\/2023\/04\/IMG_7415.jpg\" class=\"img-responsive wp-image-3280 img-with-aspect-ratio\" data-parent-fit=\"cover\" data-parent-container=\".fusion-image-element\" alt srcset=\"https:\/\/sonja-reischl.com\/wp-content\/uploads\/2023\/04\/IMG_7415-200x267.jpg 200w, https:\/\/sonja-reischl.com\/wp-content\/uploads\/2023\/04\/IMG_7415-400x533.jpg 400w, https:\/\/sonja-reischl.com\/wp-content\/uploads\/2023\/04\/IMG_7415-600x800.jpg 600w, https:\/\/sonja-reischl.com\/wp-content\/uploads\/2023\/04\/IMG_7415.jpg 750w\" sizes=\"(max-width: 1024px) 100vw, (max-width: 800px) 100vw, 750px\" \/><\/span><\/div><div ><a class=\"fusion-button button-flat fusion-button-default-size button-custom fusion-button-default button-1 fusion-button-default-span fusion-button-default-type fusion-has-button-gradient\" style=\"--button_accent_color:#ffffff;--button_accent_hover_color:#ffffff;--button_border_hover_color:#ffffff;--button_border_width-top:40px;--button_border_width-right:40px;--button_border_width-bottom:40px;--button_border_width-left:40px;--button_gradient_angle:194deg;--button_gradient_top_color:var(--awb-custom16);--button_gradient_bottom_color:#4154ff;--button_gradient_top_color_hover:#ff414b;--button_gradient_bottom_color_hover:#ff414b;\" target=\"_self\" href=\"https:\/\/www.tanztage-duisburg.de\"><span class=\"fusion-button-text awb-button__text awb-button__text--default\">Duisburger Tanztage<\/span><\/a><\/div><\/div><\/div><div class=\"fusion-layout-column fusion_builder_column fusion-builder-column-5 fusion_builder_column_1_2 1_2 fusion-flex-column\" style=\"--awb-bg-size:cover;--awb-width-large:50%;--awb-margin-top-large:0px;--awb-spacing-right-large:3.84%;--awb-margin-bottom-large:20px;--awb-spacing-left-large:3.84%;--awb-width-medium:100%;--awb-order-medium:0;--awb-spacing-right-medium:1.92%;--awb-spacing-left-medium:1.92%;--awb-width-small:100%;--awb-order-small:0;--awb-spacing-right-small:1.92%;--awb-spacing-left-small:1.92%;\"><div class=\"fusion-column-wrapper fusion-column-has-shadow fusion-flex-justify-content-flex-start fusion-content-layout-column\"><div class=\"fusion-text fusion-text-4\"><p>Die Duisburger Tanztage sind mit rund 5000 T\u00e4nzerinnen und T\u00e4nzern das gr\u00f6\u00dfte Amateurtanzevent in Deutschland.<\/p>\n<p>Sie bieten Nicht-Profis und Profis aller Altersklassen eine B\u00fchne. Zwischen Hip-Hop und Show, Modern und Streetdance ist bei den TANZtagen Duisburg nahezu jede t\u00e4nzerische Form vertreten. Hier finden Einsteiger ebenso ihr Publikum wie routinierte Formationen.<\/p><\/p>\n<\/div><div class=\"fusion-image-element \" style=\"--awb-aspect-ratio: 100 \/ 119;--awb-object-position:30% 67%;--awb-margin-left:50px;--awb-max-width:550px;--awb-caption-title-font-family:var(--h2_typography-font-family);--awb-caption-title-font-weight:var(--h2_typography-font-weight);--awb-caption-title-font-style:var(--h2_typography-font-style);--awb-caption-title-size:var(--h2_typography-font-size);--awb-caption-title-transform:var(--h2_typography-text-transform);--awb-caption-title-line-height:var(--h2_typography-line-height);--awb-caption-title-letter-spacing:var(--h2_typography-letter-spacing);\"><div style=\"display:inline-block;width:550px;\"><span class=\" fusion-imageframe imageframe-none imageframe-3 hover-type-none has-aspect-ratio\" style=\"border:6px solid #f6f6f6;\"><img decoding=\"async\" width=\"1676\" height=\"2560\" title=\"IMG_7417\" src=\"http:\/\/sonja-reischl.com\/wp-content\/uploads\/2023\/04\/IMG_7417-scaled.jpg\" class=\"img-responsive wp-image-3281 img-with-aspect-ratio\" data-parent-fit=\"cover\" data-parent-container=\".fusion-image-element\" alt srcset=\"https:\/\/sonja-reischl.com\/wp-content\/uploads\/2023\/04\/IMG_7417-200x305.jpg 200w, https:\/\/sonja-reischl.com\/wp-content\/uploads\/2023\/04\/IMG_7417-400x611.jpg 400w, https:\/\/sonja-reischl.com\/wp-content\/uploads\/2023\/04\/IMG_7417-600x916.jpg 600w, https:\/\/sonja-reischl.com\/wp-content\/uploads\/2023\/04\/IMG_7417-800x1222.jpg 800w, https:\/\/sonja-reischl.com\/wp-content\/uploads\/2023\/04\/IMG_7417-1200x1833.jpg 1200w, https:\/\/sonja-reischl.com\/wp-content\/uploads\/2023\/04\/IMG_7417-scaled.jpg 1676w\" sizes=\"(max-width: 1024px) 100vw, (max-width: 800px) 100vw, 800px\" \/><\/span><\/div><\/div><div class=\"fusion-image-element \" style=\"--awb-caption-title-font-family:var(--h2_typography-font-family);--awb-caption-title-font-weight:var(--h2_typography-font-weight);--awb-caption-title-font-style:var(--h2_typography-font-style);--awb-caption-title-size:var(--h2_typography-font-size);--awb-caption-title-transform:var(--h2_typography-text-transform);--awb-caption-title-line-height:var(--h2_typography-line-height);--awb-caption-title-letter-spacing:var(--h2_typography-letter-spacing);\"><span class=\" fusion-imageframe imageframe-none imageframe-4 hover-type-none\"><img decoding=\"async\" width=\"1440\" height=\"1762\" title=\"5F931533-B76E-4509-BEF5-385AAB5706FB\" src=\"http:\/\/sonja-reischl.com\/wp-content\/uploads\/2024\/04\/5F931533-B76E-4509-BEF5-385AAB5706FB.jpg\" alt class=\"img-responsive wp-image-3365\" srcset=\"https:\/\/sonja-reischl.com\/wp-content\/uploads\/2024\/04\/5F931533-B76E-4509-BEF5-385AAB5706FB-200x245.jpg 200w, https:\/\/sonja-reischl.com\/wp-content\/uploads\/2024\/04\/5F931533-B76E-4509-BEF5-385AAB5706FB-400x489.jpg 400w, https:\/\/sonja-reischl.com\/wp-content\/uploads\/2024\/04\/5F931533-B76E-4509-BEF5-385AAB5706FB-600x734.jpg 600w, https:\/\/sonja-reischl.com\/wp-content\/uploads\/2024\/04\/5F931533-B76E-4509-BEF5-385AAB5706FB-800x979.jpg 800w, https:\/\/sonja-reischl.com\/wp-content\/uploads\/2024\/04\/5F931533-B76E-4509-BEF5-385AAB5706FB-1200x1468.jpg 1200w, https:\/\/sonja-reischl.com\/wp-content\/uploads\/2024\/04\/5F931533-B76E-4509-BEF5-385AAB5706FB.jpg 1440w\" sizes=\"(max-width: 1024px) 100vw, (max-width: 800px) 100vw, 800px\" \/><\/span><\/div><\/div><\/div><\/div><\/div><\/p>\n","protected":false},"excerpt":{"rendered":"","protected":false},"author":2,"featured_media":0,"parent":0,"menu_order":0,"comment_status":"closed","ping_status":"closed","template":"","meta":{"footnotes":""},"class_list":["post-3277","page","type-page","status-publish","hentry"],"_links":{"self":[{"href":"https:\/\/sonja-reischl.com\/index.php?rest_route=\/wp\/v2\/pages\/3277","targetHints":{"allow":["GET"]}}],"collection":[{"href":"https:\/\/sonja-reischl.com\/index.php?rest_route=\/wp\/v2\/pages"}],"about":[{"href":"https:\/\/sonja-reischl.com\/index.php?rest_route=\/wp\/v2\/types\/page"}],"author":[{"embeddable":true,"href":"https:\/\/sonja-reischl.com\/index.php?rest_route=\/wp\/v2\/users\/2"}],"replies":[{"embeddable":true,"href":"https:\/\/sonja-reischl.com\/index.php?rest_route=%2Fwp%2Fv2%2Fcomments&post=3277"}],"version-history":[{"count":9,"href":"https:\/\/sonja-reischl.com\/index.php?rest_route=\/wp\/v2\/pages\/3277\/revisions"}],"predecessor-version":[{"id":3462,"href":"https:\/\/sonja-reischl.com\/index.php?rest_route=\/wp\/v2\/pages\/3277\/revisions\/3462"}],"wp:attachment":[{"href":"https:\/\/sonja-reischl.com\/index.php?rest_route=%2Fwp%2Fv2%2Fmedia&parent=3277"}],"curies":[{"name":"wp","href":"https:\/\/api.w.org\/{rel}","templated":true}]}}